{"id":416,"date":"2020-11-15T00:31:38","date_gmt":"2020-11-15T00:31:38","guid":{"rendered":"https:\/\/pakiautokeskus.ee\/varaosien-myynti\/"},"modified":"2020-11-30T17:29:30","modified_gmt":"2020-11-30T17:29:30","slug":"varaosien-myynti","status":"publish","type":"page","link":"https:\/\/pakiautokeskus.ee\/fi\/varaosien-myynti\/","title":{"rendered":"Varaosien myynti"},"content":{"rendered":"<h1>Uudet ja k\u00e4ytetyt varaosat<\/h1>\n<p><img fetchpriority=\"high\" decoding=\"async\" src=\"https:\/\/www.pakiautokeskus.ee\/wp-content\/uploads\/2020\/11\/mootor5.jpg\" alt=\"\" width=\"600\" height=\"218\" \/><\/p>\n<p>Pakettiautokeskus (PakiAutoKeskus) myy sek\u00e4\u00a0<b>uusia<\/b>\u00a0ett\u00e4\u00a0<b>k\u00e4ytettyj\u00e4 varaosia.<\/b>\u00a0Suurin osa autonkorjaukseen tarvittavista varaosista l\u00f6ytyy paikan p\u00e4\u00e4lt\u00e4.<\/p>\n<p>Uudet varaosat seuraaviin merkkeihin: FORD, RENAULT, OPEL, MB, VW, FIAT, PEUGEOT, CITROEN ym.<\/p>\n<p>Pakettiautokeskuksella on uusien varaosien lis\u00e4ksi suuri k\u00e4ytettyjen varaosien varasto. K\u00e4ytettyjen varaosien varastotilanne muuttuu ja t\u00e4ydentyy jatkuvasti.<\/p>\n<h2><strong>K\u00e4ytetyille varaosille hyv\u00e4t ehdot:<\/strong><\/h2>\n<ul>\n<li>Kaikki k\u00e4ytetyt varaosat on tarkastettu!<\/li>\n<li>Liikkeest\u00e4mme ostetuilla varaosilla on seitsem\u00e4n p\u00e4iv\u00e4n vaihto-oikeus, mik\u00e4li varaosassa ilmenee piilev\u00e4 vika.<\/li>\n<li>Mik\u00e4li osaa ei ole mahdollista vaihtaa, ostamme varaosan samalla hinnalla takaisin.<\/li>\n<li>Koneistoille (moottorit, vaihdelaatikot, taka-akselit jne) my\u00f6nn\u00e4mme takuun.<\/li>\n<li>Muissa tapauksissa (ei sovi, ei ole tarpeen) ostamme varaosan takaisin sopimushintaan.<\/li>\n<li>Asiakkaalle erikseen korista leikattuja osia ei osteta takaisin.<\/li>\n<\/ul>\n<h2><strong>Tarjoamme k\u00e4ytettyj\u00e4 varaosia t\u00e4ll\u00e4 hetkell\u00e4 seuraaviin ajoneuvoihin:<\/strong><\/h2>\n<p>\u00a0<\/p>\n<table border=\"0\" width=\"100%\">\n<tbody>\n<tr>\n<td valign=\"top\" width=\"50%\">\n<table cellspacing=\"0\" cellpadding=\"1\">\n<tbody>\n<tr>\n<td>Citr\u00f6en Berlingo<\/td>\n<td>1996-07<\/td>\n<\/tr>\n<tr>\n<td>Citr\u00f6en Jumpy<\/td>\n<td>2007 &gt;&gt;<\/td>\n<\/tr>\n<tr>\n<td>Citr\u00f6en Jumper<\/td>\n<td>1994-06<\/td>\n<\/tr>\n<tr>\n<td>Citr\u00f6en Jumper<\/td>\n<td>2006-13<\/td>\n<\/tr>\n<tr>\n<td>Fiat Ducato<\/td>\n<td>1994-06<\/td>\n<\/tr>\n<tr>\n<td>Fiat Ducato<\/td>\n<td>2006-13<\/td>\n<\/tr>\n<tr>\n<td>Ford Transit<\/td>\n<td>1986-06<\/td>\n<\/tr>\n<tr>\n<td>Ford Transit<\/td>\n<td>2006-13<\/td>\n<\/tr>\n<tr>\n<td>Ford Transit 4WD<\/td>\n<td>2006-14<\/td>\n<\/tr>\n<tr>\n<td>Ford Connect<\/td>\n<td>2002-14<\/td>\n<\/tr>\n<tr>\n<td>Iveco Daily II<\/td>\n<td>1999-06<\/td>\n<\/tr>\n<tr>\n<td>MB Sprinter<\/td>\n<td>1995-06<\/td>\n<\/tr>\n<tr>\n<td>MB Sprinter<\/td>\n<td>2006 &gt;&gt;<\/td>\n<\/tr>\n<tr>\n<td>MB V-klass<\/td>\n<td>1996-03<\/td>\n<\/tr>\n<tr>\n<td>MB Vito<\/td>\n<td>1996-03<\/td>\n<\/tr>\n<tr>\n<td>MB Vito<\/td>\n<td>2003 &gt;&gt;<\/td>\n<\/tr>\n<\/tbody>\n<\/table>\n<\/td>\n<td valign=\"top\" width=\"50%\">\n<table cellspacing=\"0\" cellpadding=\"1\">\n<tbody>\n<tr>\n<td>Nissan Primastar<\/td>\n<td>2006-14<\/td>\n<\/tr>\n<tr>\n<td>Opel Movano<\/td>\n<td>1998-09<\/td>\n<\/tr>\n<tr>\n<td>Opel Vivaro<\/td>\n<td>2001-14<\/td>\n<\/tr>\n<tr>\n<td>Peugeot Boxer<\/td>\n<td>1994-06<\/td>\n<\/tr>\n<tr>\n<td>Peugeot Boxer<\/td>\n<td>2006-13<\/td>\n<\/tr>\n<tr>\n<td>Peugeot Partner<\/td>\n<td>1996-07<\/td>\n<\/tr>\n<tr>\n<td>Renault Master<\/td>\n<td>1998-09<\/td>\n<\/tr>\n<tr>\n<td>Renault Trafic<\/td>\n<td>2001-14<\/td>\n<\/tr>\n<tr>\n<td>Toyota Hiace<\/td>\n<td>1995 &gt;&gt;<\/td>\n<\/tr>\n<tr>\n<td>VW Caddy<\/td>\n<td>1996-03<\/td>\n<\/tr>\n<tr>\n<td>VW\u00a0Caddy<\/td>\n<td>2004 &gt;&gt;<\/td>\n<\/tr>\n<tr>\n<td>VW Crafter<\/td>\n<td>2006 &gt;&gt;<\/td>\n<\/tr>\n<tr>\n<td>VW LT<\/td>\n<td>1997-06<\/td>\n<\/tr>\n<tr>\n<td>VW Transporter T 4<\/td>\n<td>1990-02<\/td>\n<\/tr>\n<tr>\n<td>VW Transporter T 5<\/td>\n<td>\n<table cellspacing=\"0\" cellpadding=\"1\">\n<tbody>\n<tr>\n<td>2003 &gt;&gt;<\/td>\n<\/tr>\n<\/tbody>\n<\/table>\n<\/td>\n<\/tr>\n<\/tbody>\n<\/table>\n<\/td>\n<\/tr>\n<\/tbody>\n<\/table>\n<h2><strong>Kolaroitujen pakettiautojen osto<\/strong><\/h2>\n<p>Ostamme varaosiksi kolaroituja pakettiautoja ja pikkubusseja. Yhteydenotot numeroon +372 5344 1922<\/p>\n","protected":false},"excerpt":{"rendered":"<p>Uudet ja k\u00e4ytetyt varaosat Pakettiautokeskus (PakiAutoKeskus) myy sek\u00e4\u00a0uusia\u00a0ett\u00e4\u00a0k\u00e4ytettyj\u00e4 varaosia.\u00a0Suurin osa autonkorjaukseen tarvittavista varaosista l\u00f6ytyy paikan p\u00e4\u00e4lt\u00e4. Uudet varaosat seuraaviin merkkeihin: FORD, RENAULT, OPEL, MB, VW, FIAT, PEUGEOT, CITROEN ym. Pakettiautokeskuksella on uusien varaosien lis\u00e4ksi suuri k\u00e4ytettyjen varaosien varasto. K\u00e4ytettyjen varaosien varastotilanne muuttuu ja t\u00e4ydentyy jatkuvasti. K\u00e4ytetyille varaosille hyv\u00e4t ehdot: Kaikki k\u00e4ytetyt varaosat on tarkastettu! Liikkeest\u00e4mme [&hellip;]<\/p>\n","protected":false},"author":1,"featured_media":0,"parent":0,"menu_order":0,"comment_status":"closed","ping_status":"closed","template":"","meta":{"_acf_changed":false,"footnotes":""},"class_list":["post-416","page","type-page","status-publish","hentry"],"acf":[],"_links":{"self":[{"href":"https:\/\/pakiautokeskus.ee\/fi\/wp-json\/wp\/v2\/pages\/416","targetHints":{"allow":["GET"]}}],"collection":[{"href":"https:\/\/pakiautokeskus.ee\/fi\/wp-json\/wp\/v2\/pages"}],"about":[{"href":"https:\/\/pakiautokeskus.ee\/fi\/wp-json\/wp\/v2\/types\/page"}],"author":[{"embeddable":true,"href":"https:\/\/pakiautokeskus.ee\/fi\/wp-json\/wp\/v2\/users\/1"}],"replies":[{"embeddable":true,"href":"https:\/\/pakiautokeskus.ee\/fi\/wp-json\/wp\/v2\/comments?post=416"}],"version-history":[{"count":1,"href":"https:\/\/pakiautokeskus.ee\/fi\/wp-json\/wp\/v2\/pages\/416\/revisions"}],"predecessor-version":[{"id":417,"href":"https:\/\/pakiautokeskus.ee\/fi\/wp-json\/wp\/v2\/pages\/416\/revisions\/417"}],"wp:attachment":[{"href":"https:\/\/pakiautokeskus.ee\/fi\/wp-json\/wp\/v2\/media?parent=416"}],"curies":[{"name":"wp","href":"https:\/\/api.w.org\/{rel}","templated":true}]}}