{"id":414,"date":"2020-11-15T00:30:31","date_gmt":"2020-11-15T00:30:31","guid":{"rendered":"https:\/\/pakiautokeskus.ee\/korjaus\/"},"modified":"2020-11-30T17:28:22","modified_gmt":"2020-11-30T17:28:22","slug":"korjaus","status":"publish","type":"page","link":"https:\/\/pakiautokeskus.ee\/fi\/korjaus\/","title":{"rendered":"Korjaus"},"content":{"rendered":"<h1>Korjaus<\/h1>\n<p><img fetchpriority=\"high\" decoding=\"async\" src=\"https:\/\/www.pakiautokeskus.ee\/wp-content\/uploads\/2020\/11\/to\u0303stuk.jpg\" alt=\"\" width=\"483\" height=\"300\" \/><\/p>\n<p>Pakettiauton omistajalle on t\u00e4rke\u00e4\u00e4, ett\u00e4 korjausaika olisi mahdollisimman lyhyt. Koska olemme harjoittaneet p\u00e4\u00e4asiassa vain pakettiautojen huoltoa, korjausta, purkua ja varaosien myynti\u00e4, meill\u00e4 on hyv\u00e4t kokemukset siit\u00e4 mink\u00e4laisia varaosia on pidett\u00e4v\u00e4 varastossa, jotta autot saataisiin korjattua nopeasti. Apu l\u00f6ytyy usein my\u00f6s k\u00e4ytettyjen varaosien varastosta.<\/p>\n<h2><strong>Pyyd\u00e4 tarjous tai varaa aika:<\/strong><\/h2>\n<p>Huoltamo 678 2346, 508 7789<br \/>Huoltomestari Rain Tarasov\u00a0<a href=\"mailto:rain@pakiautokeskus.ee\">rain@pakiautokeskus.ee<\/a><\/p>\n<h2><strong>Pakettiautokeskuksessa (PakiAutoKeskus) suoritetaan seuraavia t\u00f6it\u00e4:<\/strong><\/h2>\n<ul>\n<li>moottorin korjaus<\/li>\n<li>vaihdelaatikon korjaus<\/li>\n<li>dieselj\u00e4rjestelm\u00e4n ja korkeapainepumppujen korjaus<\/li>\n<li>dieselin sy\u00f6tt\u00f6j\u00e4rjestelm\u00e4n elektroniikan diagnostiikka ja korjaus<\/li>\n<li>autoelektroniikan diagnostiikka Boschin diagnostiikkalaitteella<\/li>\n<li>ABS-j\u00e4rjestelm\u00e4n testaus ja korjaus<\/li>\n<li>alustan ja jarrujen korjausty\u00f6t<\/li>\n<li>yleiss\u00e4hk\u00f6ty\u00f6t<\/li>\n<li>generaattoreiden, k\u00e4ynnistysmoottoreiden korjaukset<\/li>\n<li>kardaanien korjaukset ja kunnostukset<\/li>\n<li>lasien asennukset<\/li>\n<li>vetoakselin s\u00e4\u00e4t\u00e4minen<\/li>\n<li>valojen s\u00e4\u00e4t\u00e4minen<\/li>\n<li>rengasty\u00f6t.<\/li>\n<\/ul>\n<h2><strong>Korjaust\u00f6iden tuntihinta on 31\u20ac+(20%ALV)=37,20\u20ac (sis\u00e4lt\u00e4\u00e4 arvonlis\u00e4veron)<\/strong><\/h2>\n<p>My\u00f6nn\u00e4mme suorittamillemme t\u00f6ille\u00a0<strong>6 kuukauden takuun<\/strong>. Asiakkaan toivomuksesta laadimme t\u00f6ist\u00e4 alustavan laskelman. Ennen huoltoon tuloa on suositeltavaa sopia etuk\u00e4teen korjausaika.<\/p>\n<p><strong>Vinkki:<\/strong>\u00a0Autonkorjaukseen usein liittyv\u00e4\u00e4 stressi\u00e4 on mahdollista lievitt\u00e4\u00e4 k\u00e4ym\u00e4ll\u00e4 pakettiautokeskuksen vieress\u00e4 sijaitsevassa nykyaikaisessa\u00a0<a href=\"http:\/\/www.keilasport.ee\/\" target=\"blank\" rel=\"noopener noreferrer\">Kuntokeskuksessa<\/a>\u00a0ja uimahallissa, jonne voit menn\u00e4 rentoutumaan ajoneuvon korjauksen ja huollon ajaksi. Me huolehdimme autostasi, sin\u00e4 voit sill\u00e4 aikaa rentoutua.<\/p>\n","protected":false},"excerpt":{"rendered":"<p>Korjaus Pakettiauton omistajalle on t\u00e4rke\u00e4\u00e4, ett\u00e4 korjausaika olisi mahdollisimman lyhyt. Koska olemme harjoittaneet p\u00e4\u00e4asiassa vain pakettiautojen huoltoa, korjausta, purkua ja varaosien myynti\u00e4, meill\u00e4 on hyv\u00e4t kokemukset siit\u00e4 mink\u00e4laisia varaosia on pidett\u00e4v\u00e4 varastossa, jotta autot saataisiin korjattua nopeasti. Apu l\u00f6ytyy usein my\u00f6s k\u00e4ytettyjen varaosien varastosta. Pyyd\u00e4 tarjous tai varaa aika: Huoltamo 678 2346, 508 7789Huoltomestari Rain [&hellip;]<\/p>\n","protected":false},"author":1,"featured_media":0,"parent":0,"menu_order":0,"comment_status":"closed","ping_status":"closed","template":"","meta":{"_acf_changed":false,"footnotes":""},"class_list":["post-414","page","type-page","status-publish","hentry"],"acf":[],"_links":{"self":[{"href":"https:\/\/pakiautokeskus.ee\/fi\/wp-json\/wp\/v2\/pages\/414","targetHints":{"allow":["GET"]}}],"collection":[{"href":"https:\/\/pakiautokeskus.ee\/fi\/wp-json\/wp\/v2\/pages"}],"about":[{"href":"https:\/\/pakiautokeskus.ee\/fi\/wp-json\/wp\/v2\/types\/page"}],"author":[{"embeddable":true,"href":"https:\/\/pakiautokeskus.ee\/fi\/wp-json\/wp\/v2\/users\/1"}],"replies":[{"embeddable":true,"href":"https:\/\/pakiautokeskus.ee\/fi\/wp-json\/wp\/v2\/comments?post=414"}],"version-history":[{"count":1,"href":"https:\/\/pakiautokeskus.ee\/fi\/wp-json\/wp\/v2\/pages\/414\/revisions"}],"predecessor-version":[{"id":415,"href":"https:\/\/pakiautokeskus.ee\/fi\/wp-json\/wp\/v2\/pages\/414\/revisions\/415"}],"wp:attachment":[{"href":"https:\/\/pakiautokeskus.ee\/fi\/wp-json\/wp\/v2\/media?parent=414"}],"curies":[{"name":"wp","href":"https:\/\/api.w.org\/{rel}","templated":true}]}}