{"id":401,"date":"2020-11-15T00:15:26","date_gmt":"2020-11-15T00:15:26","guid":{"rendered":"https:\/\/pakiautokeskus.ee\/autopesu\/"},"modified":"2020-11-30T17:26:01","modified_gmt":"2020-11-30T17:26:01","slug":"autopesu","status":"publish","type":"page","link":"https:\/\/pakiautokeskus.ee\/fi\/autopesu\/","title":{"rendered":"Autopesu"},"content":{"rendered":"<h1>Autopesu<\/h1>\n<p><img decoding=\"async\" src=\"https:\/\/www.pakiautokeskus.ee\/wp-content\/uploads\/2020\/11\/sxc-190358_9679.jpg\" alt=\"\" width=\"250\" height=\"187\" \/><\/p>\n<p>Voimme tarjota my\u00f6s autopesulapalveluja. Suoritamme autojen k\u00e4sipesulassa henkil\u00f6- ja pakettiautoille seuraavia t\u00f6it\u00e4:<\/p>\n<ul>\n<li>ulkopesu, jotta ty\u00f6v\u00e4lineesi n\u00e4ytt\u00e4isi hyv\u00e4lt\u00e4 ja puhtaalta.<\/li>\n<li>vahaus, joka lis\u00e4\u00e4 kiiltoa ja suojaa auton maalikerrosta.<\/li>\n<li>sis\u00e4pesu, jotta omassa autossasi istuminen olisi miellytt\u00e4v\u00e4\u00e4.<\/li>\n<\/ul>\n<h2><strong>Pyyd\u00e4 tarjous tai varaa aika:<\/strong><\/h2>\n<p>Huoltamo 512 4429<\/p>\n","protected":false},"excerpt":{"rendered":"<p>Autopesu Voimme tarjota my\u00f6s autopesulapalveluja. Suoritamme autojen k\u00e4sipesulassa henkil\u00f6- ja pakettiautoille seuraavia t\u00f6it\u00e4: ulkopesu, jotta ty\u00f6v\u00e4lineesi n\u00e4ytt\u00e4isi hyv\u00e4lt\u00e4 ja puhtaalta. vahaus, joka lis\u00e4\u00e4 kiiltoa ja suojaa auton maalikerrosta. sis\u00e4pesu, jotta omassa autossasi istuminen olisi miellytt\u00e4v\u00e4\u00e4. Pyyd\u00e4 tarjous tai varaa aika: Huoltamo 512 4429<\/p>\n","protected":false},"author":1,"featured_media":0,"parent":0,"menu_order":0,"comment_status":"closed","ping_status":"closed","template":"","meta":{"_acf_changed":false,"footnotes":""},"class_list":["post-401","page","type-page","status-publish","hentry"],"acf":[],"_links":{"self":[{"href":"https:\/\/pakiautokeskus.ee\/fi\/wp-json\/wp\/v2\/pages\/401","targetHints":{"allow":["GET"]}}],"collection":[{"href":"https:\/\/pakiautokeskus.ee\/fi\/wp-json\/wp\/v2\/pages"}],"about":[{"href":"https:\/\/pakiautokeskus.ee\/fi\/wp-json\/wp\/v2\/types\/page"}],"author":[{"embeddable":true,"href":"https:\/\/pakiautokeskus.ee\/fi\/wp-json\/wp\/v2\/users\/1"}],"replies":[{"embeddable":true,"href":"https:\/\/pakiautokeskus.ee\/fi\/wp-json\/wp\/v2\/comments?post=401"}],"version-history":[{"count":1,"href":"https:\/\/pakiautokeskus.ee\/fi\/wp-json\/wp\/v2\/pages\/401\/revisions"}],"predecessor-version":[{"id":402,"href":"https:\/\/pakiautokeskus.ee\/fi\/wp-json\/wp\/v2\/pages\/401\/revisions\/402"}],"wp:attachment":[{"href":"https:\/\/pakiautokeskus.ee\/fi\/wp-json\/wp\/v2\/media?parent=401"}],"curies":[{"name":"wp","href":"https:\/\/api.w.org\/{rel}","templated":true}]}}